{"id":592,"date":"2021-06-25T00:30:03","date_gmt":"2021-06-25T04:30:03","guid":{"rendered":"http:\/\/localhost\/idea\/wordpress\/?page_id=592"},"modified":"2025-04-29T11:04:46","modified_gmt":"2025-04-29T15:04:46","slug":"cristalografica","status":"publish","type":"page","link":"https:\/\/idea.gob.ve\/index.php\/cristalografica\/","title":{"rendered":"Cristalogr\u00e1fica"},"content":{"rendered":"\t\t<div data-elementor-type=\"wp-page\" data-elementor-id=\"592\" class=\"elementor elementor-592\" data-elementor-post-type=\"page\">\n\t\t\t\t\t\t\t\t\t<section class=\"elementor-section elementor-top-section elementor-element elementor-element-cfb2c6c elementor-section-boxed elementor-section-height-default elementor-section-height-default\" data-id=\"cfb2c6c\" data-element_type=\"section\">\n\t\t\t\t\t\t<div class=\"elementor-container elementor-column-gap-default\">\n\t\t\t\t\t<div class=\"elementor-column elementor-col-100 elementor-top-column elementor-element elementor-element-e887585\" data-id=\"e887585\" data-element_type=\"column\">\n\t\t\t<div class=\"elementor-widget-wrap elementor-element-populated\">\n\t\t\t\t\t\t\t\t<div class=\"elementor-element elementor-element-ea99f0a elementor-invisible elementor-widget elementor-widget-heading\" data-id=\"ea99f0a\" data-element_type=\"widget\" data-settings=\"{&quot;_animation&quot;:&quot;fadeInLeft&quot;}\" data-widget_type=\"heading.default\">\n\t\t\t\t<div class=\"elementor-widget-container\">\n\t\t\t<h2 class=\"elementor-heading-title elementor-size-default\">CRISTALOGR\u00c1FIA <\/h2>\t\t<\/div>\n\t\t\t\t<\/div>\n\t\t\t\t<div class=\"elementor-element elementor-element-a3a0c42 elementor-invisible elementor-widget elementor-widget-text-editor\" data-id=\"a3a0c42\" data-element_type=\"widget\" data-settings=\"{&quot;_animation&quot;:&quot;fadeInLeft&quot;}\" data-widget_type=\"text-editor.default\">\n\t\t\t\t<div class=\"elementor-widget-container\">\n\t\t\t\t\t\t\t<p>La formaci\u00f3n de c\u00e1lculos renales (piedras) en el ser humano aparece a cualquier edad y no distingue sexo, origen ni condici\u00f3n social. El an\u00e1lisis de su composici\u00f3n exacta resulta fundamental para conocer el mecanismo de su formaci\u00f3n y as\u00ed prevenir su desarrollo.<\/p><p>El An\u00e1lisis Cristalogr\u00e1fico de C\u00e1lculos Renales consiste en la determinaci\u00f3n cualitativa y cuantitativa de los c\u00e1lculos urinarios, es decir; que se realiza la identificaci\u00f3n de los compuestos que forman la muestra y se precisa en qu\u00e9 proporci\u00f3n se encuentran dentro del organismo.<\/p><p>Este an\u00e1lisis se realiza empleando la difracci\u00f3n de rayos X, que es la t\u00e9cnica m\u00e1s empleada en el estudio de la estructura de los materiales s\u00f3lidos, bien sean f\u00edsico-qu\u00edmicos o biol\u00f3gicos. Gracias a una tecnolog\u00eda desarrollada en el Idea se pueden estudiar c\u00e1lculos renales de muy peque\u00f1o tama\u00f1o (algunos miligramos), siendo este el caso de pacientes que comienzan a expulsar arenillas.<\/p><p>En el Instituto de Estudios Avanzados se presta el servicio de An\u00e1lisis de C\u00e1lculo Renales. All\u00ed se reciben y se analizan muestras provenientes de pacientes de diferentes hospitales y cl\u00ednicas (p\u00fablicos y privados) de todo el pa\u00eds.<\/p>\t\t\t\t\t\t<\/div>\n\t\t\t\t<\/div>\n\t\t\t\t<div class=\"elementor-element elementor-element-35c3150 elementor-invisible elementor-widget elementor-widget-heading\" data-id=\"35c3150\" data-element_type=\"widget\" data-settings=\"{&quot;_animation&quot;:&quot;fadeInLeft&quot;}\" data-widget_type=\"heading.default\">\n\t\t\t\t<div class=\"elementor-widget-container\">\n\t\t\t<h2 class=\"elementor-heading-title elementor-size-default\">CONTACTOS<\/h2>\t\t<\/div>\n\t\t\t\t<\/div>\n\t\t\t\t<div class=\"elementor-element elementor-element-037bd62 elementor-icon-list--layout-traditional elementor-list-item-link-full_width elementor-invisible elementor-widget elementor-widget-icon-list\" data-id=\"037bd62\" data-element_type=\"widget\" data-settings=\"{&quot;_animation&quot;:&quot;fadeInLeft&quot;}\" data-widget_type=\"icon-list.default\">\n\t\t\t\t<div class=\"elementor-widget-container\">\n\t\t\t\t\t<ul class=\"elementor-icon-list-items\">\n\t\t\t\t\t\t\t<li class=\"elementor-icon-list-item\">\n\t\t\t\t\t\t\t\t\t\t\t<span class=\"elementor-icon-list-icon\">\n\t\t\t\t\t\t\t<i aria-hidden=\"true\" class=\"fas fa-info-circle\"><\/i>\t\t\t\t\t\t<\/span>\n\t\t\t\t\t\t\t\t\t\t<span class=\"elementor-icon-list-text\">Contactos Puede asistir al Servicio de Cristalograf\u00eda Fundaci\u00f3n Instituto de Estudios Avanzados\u00a0(Idea)<\/span>\n\t\t\t\t\t\t\t\t\t<\/li>\n\t\t\t\t\t\t\t\t<li class=\"elementor-icon-list-item\">\n\t\t\t\t\t\t\t\t\t\t\t<span class=\"elementor-icon-list-icon\">\n\t\t\t\t\t\t\t<i aria-hidden=\"true\" class=\"fas fa-map-marker-alt\"><\/i>\t\t\t\t\t\t<\/span>\n\t\t\t\t\t\t\t\t\t\t<span class=\"elementor-icon-list-text\">Carretera Nacional Hoyo de la Puerta, Baruta, Altos de Sartenejas<\/span>\n\t\t\t\t\t\t\t\t\t<\/li>\n\t\t\t\t\t\t\t\t<li class=\"elementor-icon-list-item\">\n\t\t\t\t\t\t\t\t\t\t\t<span class=\"elementor-icon-list-icon\">\n\t\t\t\t\t\t\t<i aria-hidden=\"true\" class=\"far fa-envelope\"><\/i>\t\t\t\t\t\t<\/span>\n\t\t\t\t\t\t\t\t\t\t<span class=\"elementor-icon-list-text\">calculosrenales@idea.gob.ve<\/span>\n\t\t\t\t\t\t\t\t\t<\/li>\n\t\t\t\t\t\t\t\t<li class=\"elementor-icon-list-item\">\n\t\t\t\t\t\t\t\t\t\t\t<span class=\"elementor-icon-list-icon\">\n\t\t\t\t\t\t\t<i aria-hidden=\"true\" class=\"fas fa-phone\"><\/i>\t\t\t\t\t\t<\/span>\n\t\t\t\t\t\t\t\t\t\t<span class=\"elementor-icon-list-text\">0212-9620854<\/span>\n\t\t\t\t\t\t\t\t\t<\/li>\n\t\t\t\t\t\t<\/ul>\n\t\t\t\t<\/div>\n\t\t\t\t<\/div>\n\t\t\t\t\t<\/div>\n\t\t<\/div>\n\t\t\t\t\t\t\t<\/div>\n\t\t<\/section>\n\t\t\t\t\t\t\t<\/div>\n\t\t","protected":false},"excerpt":{"rendered":"<p>CRISTALOGR\u00c1FIA La formaci\u00f3n de c\u00e1lculos renales (piedras) en el ser humano aparece a cualquier edad y no distingue sexo, origen ni condici\u00f3n social. El an\u00e1lisis de su composici\u00f3n exacta resulta [&hellip;]<\/p>\n","protected":false},"author":3,"featured_media":0,"parent":0,"menu_order":0,"comment_status":"closed","ping_status":"closed","template":"elementor_header_footer","meta":{"footnotes":""},"class_list":["post-592","page","type-page","status-publish","hentry"],"_links":{"self":[{"href":"https:\/\/idea.gob.ve\/index.php\/wp-json\/wp\/v2\/pages\/592","targetHints":{"allow":["GET"]}}],"collection":[{"href":"https:\/\/idea.gob.ve\/index.php\/wp-json\/wp\/v2\/pages"}],"about":[{"href":"https:\/\/idea.gob.ve\/index.php\/wp-json\/wp\/v2\/types\/page"}],"author":[{"embeddable":true,"href":"https:\/\/idea.gob.ve\/index.php\/wp-json\/wp\/v2\/users\/3"}],"replies":[{"embeddable":true,"href":"https:\/\/idea.gob.ve\/index.php\/wp-json\/wp\/v2\/comments?post=592"}],"version-history":[{"count":26,"href":"https:\/\/idea.gob.ve\/index.php\/wp-json\/wp\/v2\/pages\/592\/revisions"}],"predecessor-version":[{"id":5209,"href":"https:\/\/idea.gob.ve\/index.php\/wp-json\/wp\/v2\/pages\/592\/revisions\/5209"}],"wp:attachment":[{"href":"https:\/\/idea.gob.ve\/index.php\/wp-json\/wp\/v2\/media?parent=592"}],"curies":[{"name":"wp","href":"https:\/\/api.w.org\/{rel}","templated":true}]}}