{"id":564,"date":"2021-06-24T23:41:02","date_gmt":"2021-06-25T03:41:02","guid":{"rendered":"http:\/\/localhost\/idea\/wordpress\/?page_id=564"},"modified":"2025-04-28T09:37:31","modified_gmt":"2025-04-28T13:37:31","slug":"pesquisa","status":"publish","type":"page","link":"https:\/\/idea.gob.ve\/index.php\/pesquisa\/","title":{"rendered":"Pesquisa"},"content":{"rendered":"\t\t<div data-elementor-type=\"wp-page\" data-elementor-id=\"564\" class=\"elementor elementor-564\" data-elementor-post-type=\"page\">\n\t\t\t\t\t\t\t\t\t<section class=\"elementor-section elementor-top-section elementor-element elementor-element-bf84f12 elementor-section-boxed elementor-section-height-default elementor-section-height-default\" data-id=\"bf84f12\" data-element_type=\"section\">\n\t\t\t\t\t\t<div class=\"elementor-container elementor-column-gap-default\">\n\t\t\t\t\t<div class=\"elementor-column elementor-col-100 elementor-top-column elementor-element elementor-element-8e11220\" data-id=\"8e11220\" data-element_type=\"column\">\n\t\t\t<div class=\"elementor-widget-wrap elementor-element-populated\">\n\t\t\t\t\t\t\t\t<div class=\"elementor-element elementor-element-4a493a7 elementor-widget elementor-widget-heading\" data-id=\"4a493a7\" data-element_type=\"widget\" data-widget_type=\"heading.default\">\n\t\t\t\t<div class=\"elementor-widget-container\">\n\t\t\t<h2 class=\"elementor-heading-title elementor-size-default\">PESQUISA<\/h2>\t\t<\/div>\n\t\t\t\t<\/div>\n\t\t\t\t<div class=\"elementor-element elementor-element-bbec4e6 elementor-widget elementor-widget-text-editor\" data-id=\"bbec4e6\" data-element_type=\"widget\" data-widget_type=\"text-editor.default\">\n\t\t\t\t<div class=\"elementor-widget-container\">\n\t\t\t\t\t\t\t<p>Es un procedimiento que se realiza a partir de una sencilla prueba con gotas de sangre de tu beb\u00e9, realizada por personal calificado en los primeros diez d\u00edas de nacido, permite detectar a tiempo enfermedades como Hipotiroidismo Cong\u00e9nito (HC), Fenilcetonuria (PKU), Galactosemia (Gal) y Hemoglobinopat\u00edas, a fin de aplicar un tratamiento que garantice el pleno y saludable desarrollo del ni\u00f1o.<\/p>\t\t\t\t\t\t<\/div>\n\t\t\t\t<\/div>\n\t\t\t\t<div class=\"elementor-element elementor-element-5ab082d elementor-widget elementor-widget-heading\" data-id=\"5ab082d\" data-element_type=\"widget\" data-widget_type=\"heading.default\">\n\t\t\t\t<div class=\"elementor-widget-container\">\n\t\t\t<h4 class=\"elementor-heading-title elementor-size-default\">\u00bfEn qu\u00e9 consiste el retardo mental?<\/h4>\t\t<\/div>\n\t\t\t\t<\/div>\n\t\t\t\t<div class=\"elementor-element elementor-element-0faaca9 elementor-widget elementor-widget-text-editor\" data-id=\"0faaca9\" data-element_type=\"widget\" data-widget_type=\"text-editor.default\">\n\t\t\t\t<div class=\"elementor-widget-container\">\n\t\t\t\t\t\t\t<p>Es una enfermedad irreversible que provoca en el ni\u00f1o un funcionamiento intelectual significativamente m\u00e1s bajo que el promedio de la poblaci\u00f3n infantil. Se manifiesta durante el per\u00edodo de desarrollo y afecta la conducta y el normal rendimiento educativo del ni\u00f1o.<\/p>\t\t\t\t\t\t<\/div>\n\t\t\t\t<\/div>\n\t\t\t\t<div class=\"elementor-element elementor-element-bf0768c elementor-widget elementor-widget-heading\" data-id=\"bf0768c\" data-element_type=\"widget\" data-widget_type=\"heading.default\">\n\t\t\t\t<div class=\"elementor-widget-container\">\n\t\t\t<h4 class=\"elementor-heading-title elementor-size-default\">\u00bfA d\u00f3nde se puede acudir?<\/h4>\t\t<\/div>\n\t\t\t\t<\/div>\n\t\t\t\t<div class=\"elementor-element elementor-element-26a3b28 elementor-widget elementor-widget-text-editor\" data-id=\"26a3b28\" data-element_type=\"widget\" data-widget_type=\"text-editor.default\">\n\t\t\t\t<div class=\"elementor-widget-container\">\n\t\t\t\t\t\t\t<p>2Debe consultar a su m\u00e9dico durante el embarazo e informarse sobre la prueba de Pesquisa Neonatal en los distintos centros de maternidad, bien sean privados o p\u00fablicos. Puede asistir a cualquiera de los hospitales materno-infantiles del \u00e1rea metropolitana de Caracas, donde se aplican las pruebas y de manera gratuita.<\/p>\t\t\t\t\t\t<\/div>\n\t\t\t\t<\/div>\n\t\t\t\t<div class=\"elementor-element elementor-element-cc1397c elementor-widget elementor-widget-text-editor\" data-id=\"cc1397c\" data-element_type=\"widget\" data-widget_type=\"text-editor.default\">\n\t\t\t\t<div class=\"elementor-widget-container\">\n\t\t\t\t\t\t\t<p>-. S<strong>ervicio de Pesquisa Neonatal de la Fundaci\u00f3n Instituto de Estudios Avanzados (Idea).<\/strong><br \/>-. Consultar la red nacional de hospitales p\u00fablicos.<br \/>-. Solicitar la prueba de manera gratuita en los centros materno-infantiles de los estados: <strong>Miranda, Aragua, Anzo\u00e1tegui, Gu\u00e1rico, Lara, Nueva Esparta, Bol\u00edvar, Sucre, Zulia y Trujillo.<\/strong><\/p>\t\t\t\t\t\t<\/div>\n\t\t\t\t<\/div>\n\t\t\t\t<div class=\"elementor-element elementor-element-0d9c0ad elementor-icon-list--layout-traditional elementor-list-item-link-full_width elementor-invisible elementor-widget elementor-widget-icon-list\" data-id=\"0d9c0ad\" data-element_type=\"widget\" data-settings=\"{&quot;_animation&quot;:&quot;fadeInLeft&quot;}\" data-widget_type=\"icon-list.default\">\n\t\t\t\t<div class=\"elementor-widget-container\">\n\t\t\t\t\t<ul class=\"elementor-icon-list-items\">\n\t\t\t\t\t\t\t<li class=\"elementor-icon-list-item\">\n\t\t\t\t\t\t\t\t\t\t\t<span class=\"elementor-icon-list-icon\">\n\t\t\t\t\t\t\t<i aria-hidden=\"true\" class=\"fas fa-info-circle\"><\/i>\t\t\t\t\t\t<\/span>\n\t\t\t\t\t\t\t\t\t\t<span class=\"elementor-icon-list-text\">Puede asistir al Servicio de Pesquisa Neonatal Fundaci\u00f3n Instituto de Estudios Avanzados (Idea)<\/span>\n\t\t\t\t\t\t\t\t\t<\/li>\n\t\t\t\t\t\t\t\t<li class=\"elementor-icon-list-item\">\n\t\t\t\t\t\t\t\t\t\t\t<span class=\"elementor-icon-list-icon\">\n\t\t\t\t\t\t\t<i aria-hidden=\"true\" class=\"fas fa-map-marker-alt\"><\/i>\t\t\t\t\t\t<\/span>\n\t\t\t\t\t\t\t\t\t\t<span class=\"elementor-icon-list-text\">Carretera Nacional Hoyo de la Puerta, Baruta, Altos de Sartenejas<\/span>\n\t\t\t\t\t\t\t\t\t<\/li>\n\t\t\t\t\t\t\t\t<li class=\"elementor-icon-list-item\">\n\t\t\t\t\t\t\t\t\t\t\t<span class=\"elementor-icon-list-icon\">\n\t\t\t\t\t\t\t<i aria-hidden=\"true\" class=\"fas fa-phone-square\"><\/i>\t\t\t\t\t\t<\/span>\n\t\t\t\t\t\t\t\t\t\t<span class=\"elementor-icon-list-text\">Tel\u00e9fonos: 0212 9621010<\/span>\n\t\t\t\t\t\t\t\t\t<\/li>\n\t\t\t\t\t\t\t\t<li class=\"elementor-icon-list-item\">\n\t\t\t\t\t\t\t\t\t\t\t<span class=\"elementor-icon-list-icon\">\n\t\t\t\t\t\t\t<i aria-hidden=\"true\" class=\"fas fa-envelope\"><\/i>\t\t\t\t\t\t<\/span>\n\t\t\t\t\t\t\t\t\t\t<span class=\"elementor-icon-list-text\">pesquisa@idea.gob.ve<\/span>\n\t\t\t\t\t\t\t\t\t<\/li>\n\t\t\t\t\t\t<\/ul>\n\t\t\t\t<\/div>\n\t\t\t\t<\/div>\n\t\t\t\t\t<\/div>\n\t\t<\/div>\n\t\t\t\t\t\t\t<\/div>\n\t\t<\/section>\n\t\t\t\t\t\t\t<\/div>\n\t\t","protected":false},"excerpt":{"rendered":"<p>PESQUISA Es un procedimiento que se realiza a partir de una sencilla prueba con gotas de sangre de tu beb\u00e9, realizada por personal calificado en los primeros diez d\u00edas de [&hellip;]<\/p>\n","protected":false},"author":3,"featured_media":0,"parent":0,"menu_order":0,"comment_status":"closed","ping_status":"closed","template":"elementor_header_footer","meta":{"footnotes":""},"class_list":["post-564","page","type-page","status-publish","hentry"],"_links":{"self":[{"href":"https:\/\/idea.gob.ve\/index.php\/wp-json\/wp\/v2\/pages\/564","targetHints":{"allow":["GET"]}}],"collection":[{"href":"https:\/\/idea.gob.ve\/index.php\/wp-json\/wp\/v2\/pages"}],"about":[{"href":"https:\/\/idea.gob.ve\/index.php\/wp-json\/wp\/v2\/types\/page"}],"author":[{"embeddable":true,"href":"https:\/\/idea.gob.ve\/index.php\/wp-json\/wp\/v2\/users\/3"}],"replies":[{"embeddable":true,"href":"https:\/\/idea.gob.ve\/index.php\/wp-json\/wp\/v2\/comments?post=564"}],"version-history":[{"count":36,"href":"https:\/\/idea.gob.ve\/index.php\/wp-json\/wp\/v2\/pages\/564\/revisions"}],"predecessor-version":[{"id":5190,"href":"https:\/\/idea.gob.ve\/index.php\/wp-json\/wp\/v2\/pages\/564\/revisions\/5190"}],"wp:attachment":[{"href":"https:\/\/idea.gob.ve\/index.php\/wp-json\/wp\/v2\/media?parent=564"}],"curies":[{"name":"wp","href":"https:\/\/api.w.org\/{rel}","templated":true}]}}