{"id":179,"date":"2021-06-18T23:37:04","date_gmt":"2021-06-19T03:37:04","guid":{"rendered":"http:\/\/localhost\/idea\/wordpress\/?page_id=179"},"modified":"2022-09-15T14:46:34","modified_gmt":"2022-09-15T18:46:34","slug":"energia-y-ambiente","status":"publish","type":"page","link":"https:\/\/idea.gob.ve\/index.php\/energia-y-ambiente\/","title":{"rendered":"Energia y Ambiente"},"content":{"rendered":"\t\t<div data-elementor-type=\"wp-page\" data-elementor-id=\"179\" class=\"elementor elementor-179\" data-elementor-post-type=\"page\">\n\t\t\t\t\t\t\t\t\t<section class=\"elementor-section elementor-top-section elementor-element elementor-element-446246b9 elementor-section-boxed elementor-section-height-default elementor-section-height-default\" data-id=\"446246b9\" data-element_type=\"section\">\n\t\t\t\t\t\t<div class=\"elementor-container elementor-column-gap-default\">\n\t\t\t\t\t<div class=\"elementor-column elementor-col-100 elementor-top-column elementor-element elementor-element-2da56d18\" data-id=\"2da56d18\" data-element_type=\"column\">\n\t\t\t<div class=\"elementor-widget-wrap elementor-element-populated\">\n\t\t\t\t\t\t\t\t<div class=\"elementor-element elementor-element-118b01d1 elementor-invisible elementor-widget elementor-widget-heading\" data-id=\"118b01d1\" data-element_type=\"widget\" data-settings=\"{&quot;_animation&quot;:&quot;fadeInLeft&quot;}\" data-widget_type=\"heading.default\">\n\t\t\t\t<div class=\"elementor-widget-container\">\n\t\t\t<h2 class=\"elementor-heading-title elementor-size-default\">Energ\u00eda y Ambiente <\/h2>\t\t<\/div>\n\t\t\t\t<\/div>\n\t\t\t\t\t<\/div>\n\t\t<\/div>\n\t\t\t\t\t\t\t<\/div>\n\t\t<\/section>\n\t\t\t\t<section class=\"elementor-section elementor-top-section elementor-element elementor-element-4cb90b36 elementor-section-boxed elementor-section-height-default elementor-section-height-default\" data-id=\"4cb90b36\" data-element_type=\"section\">\n\t\t\t\t\t\t<div class=\"elementor-container elementor-column-gap-default\">\n\t\t\t\t\t<div class=\"elementor-column elementor-col-100 elementor-top-column elementor-element elementor-element-742ef2e8\" data-id=\"742ef2e8\" data-element_type=\"column\">\n\t\t\t<div class=\"elementor-widget-wrap elementor-element-populated\">\n\t\t\t\t\t\t\t\t<div class=\"elementor-element elementor-element-622deca5 elementor-invisible elementor-widget elementor-widget-text-editor\" data-id=\"622deca5\" data-element_type=\"widget\" data-settings=\"{&quot;_animation&quot;:&quot;fadeInLeft&quot;}\" data-widget_type=\"text-editor.default\">\n\t\t\t\t<div class=\"elementor-widget-container\">\n\t\t\t\t\t\t\t<p>La biotecnolog\u00eda se ha consolidado en los \u00faltimos a\u00f1os como el conjunto de tecnolog\u00edas encaminadas a la producci\u00f3n de bienes y servicios mediante la utilizaci\u00f3n de sistemas biol\u00f3gicos o sus productos. El uso complementario de la biotecnolog\u00eda moderna en la industria petrolera proporciona nuevas herramientas para contribuir a garantizar o incrementar sus capacidades productivas, as\u00ed como mitigar el impacto ambiental generado por la misma.<\/p><p>Los retos medioambientales a los que se enfren\u00adta hoy nuestra sociedad requieren de actuacio\u00adnes urgentes y decididas en materia de IDI que permitan avanzar en la b\u00fasqueda de soluciones adecuadas y espec\u00edficas para la conservaci\u00f3n y preservaci\u00f3n de nuestros ecosistemas.<\/p><p>Asimismo, el desarrollo y aplica\u00adci\u00f3n de tecnolog\u00edas que permitan optimizar el uso de la energ\u00eda, minimizando p\u00e9rdidas (tanto en el proceso de generaci\u00f3n, como en el de transporte y consumo) redundar\u00e1, sin duda, en una reducci\u00f3n de los efectos ecol\u00f3gicos.<\/p><p>En aras de garantizar el desarrollo sustentable de la naci\u00f3n, la integraci\u00f3n de los organismos regionales y de los diversos pa\u00edses que conforman las alianzas estrat\u00e9gicas con la industria energ\u00e9tica nacional, la Direcci\u00f3n de Energ\u00eda y Ambiente del Instituto de Estudios Avanzados (Idea) ha emprendido acciones dirigidas a desarrollar conocimientos y biotecnolog\u00edas innovadoras y complementarias que permitan abordar los problemas de la naci\u00f3n en materia energ\u00e9tica y ambiental. As\u00ed mismo, cuenta con un Banco de Microorganismos aut\u00f3ctonos (bacterias, hongos y microalgas) que presentan un alto potencial de transformar crudos extra-pesados y diversos hidrocarburos poliarom\u00e1ticos (HPAs), biodesulfurar, producir biosurfactantes y aceites de usos m\u00faltiples para la industria. A su vez, nuestra Direcci\u00f3n cuenta con una amplia experiencia en la identificaci\u00f3n y caracterizaci\u00f3n fenot\u00edpica, bioqu\u00edmica y molecular de microorganismos, genes y enzimas claves de alto inter\u00e9s biotecnol\u00f3gico para la industria energ\u00e9tica y el ambiente.<\/p>\t\t\t\t\t\t<\/div>\n\t\t\t\t<\/div>\n\t\t\t\t<div class=\"elementor-element elementor-element-36ffbebc elementor-invisible elementor-widget elementor-widget-text-editor\" data-id=\"36ffbebc\" data-element_type=\"widget\" data-settings=\"{&quot;_animation&quot;:&quot;fadeInLeft&quot;}\" data-widget_type=\"text-editor.default\">\n\t\t\t\t<div class=\"elementor-widget-container\">\n\t\t\t\t\t\t\t<p><strong>Programas Estrat\u00e9gicos del \u00e1rea de Energ\u00eda y Ambiente<\/strong><\/p><p>1) Programa de biotecnolog\u00eda aplicada al incremento de las capacidades productivas de la industria petrolera y al saneamiento de pasivos ambientales asociados.<\/p><p>El Programa de \u201cBiotecnolog\u00eda aplicada al incremento de las capacidades productivas de la industria petrolera y al saneamiento de pasivos ambientales\u201d, comprende todas las acciones dirigidas a desarrollar conocimientos y tecnolog\u00edas innovadoras y complementarias que permitan:<\/p><p>i) dar valor agregado a los recursos energ\u00e9ticos no renovables;<\/p><p>ii) sanear las zonas impactadas y los sub-productos generados por la explotaci\u00f3n petrolera, cumpliendo con lo establecido en la Ley Penal del Ambiente de nuestro pa\u00eds y;<\/p><p>iii) contribuir con el funcionamiento continuo de los procesos de la industria petrolera.<\/p><p>2) Programa de investigaci\u00f3n socio-ambiental para la producci\u00f3n de recursos energ\u00e9ticos renovables<\/p><p>Investigaciones orientadas al desarrollo de aceites, combustibles y derivados de usos m\u00faltiples para la industria petrolera, mediante el uso de microalgas como sustrato renovable \u201cno comestible\u201d y sumidero de CO2. As\u00ed mismo, desarrolla investigaciones orientadas al aprovechamiento de la biomasa microalgal y de sus subproductos en la industria de alimentos, farmac\u00e9utica, cosm\u00e9tica, qu\u00edmica y bioqu\u00edmica.<\/p><p><strong>L\u00edneas de Investigaci\u00f3n en el \u00c1rea de Energ\u00eda y Ambiente<\/strong><\/p><p>Biotecnolog\u00eda aplicada al incremento de las capacidades productivas de la industria petrolera y al saneamiento de pasivos ambientales asociados.<\/p><p>Dar valor agregado a los recursos energ\u00e9ticos no renovables.<\/p><p>Sanear las zonas impactadas y los sub-productos generados por la explotaci\u00f3n petrolera, cumpliendo con lo establecido en la Ley Penal del Ambiente de nuestro pa\u00eds.<\/p><p>Contribuir con el funcionamiento continuo de los procesos de la industria petrolera.<\/p><p>Investigaci\u00f3n socio-ambiental para la producci\u00f3n de recursos energ\u00e9ticos renovables.<\/p><p>Desarrollo de aceites, combustibles y derivados de usos m\u00faltiples para la industria petrolera, mediante el uso de microalgas como sustrato renovable \u201cno comestible\u201d y sumidero de CO2.<\/p><p>Desarrollar investigaciones orientadas al aprovechamiento de la biomasa microalgal y de sus subproductos en la industria de alimentos, farmac\u00e9utica, cosm\u00e9tica, qu\u00edmica y bioqu\u00edmica.<\/p>\t\t\t\t\t\t<\/div>\n\t\t\t\t<\/div>\n\t\t\t\t\t<\/div>\n\t\t<\/div>\n\t\t\t\t\t\t\t<\/div>\n\t\t<\/section>\n\t\t\t\t\t\t\t<\/div>\n\t\t","protected":false},"excerpt":{"rendered":"<p>Energ\u00eda y Ambiente La biotecnolog\u00eda se ha consolidado en los \u00faltimos a\u00f1os como el conjunto de tecnolog\u00edas encaminadas a la producci\u00f3n de bienes y servicios mediante la utilizaci\u00f3n de sistemas [&hellip;]<\/p>\n","protected":false},"author":3,"featured_media":0,"parent":0,"menu_order":0,"comment_status":"closed","ping_status":"closed","template":"elementor_header_footer","meta":{"footnotes":""},"class_list":["post-179","page","type-page","status-publish","hentry"],"_links":{"self":[{"href":"https:\/\/idea.gob.ve\/index.php\/wp-json\/wp\/v2\/pages\/179","targetHints":{"allow":["GET"]}}],"collection":[{"href":"https:\/\/idea.gob.ve\/index.php\/wp-json\/wp\/v2\/pages"}],"about":[{"href":"https:\/\/idea.gob.ve\/index.php\/wp-json\/wp\/v2\/types\/page"}],"author":[{"embeddable":true,"href":"https:\/\/idea.gob.ve\/index.php\/wp-json\/wp\/v2\/users\/3"}],"replies":[{"embeddable":true,"href":"https:\/\/idea.gob.ve\/index.php\/wp-json\/wp\/v2\/comments?post=179"}],"version-history":[{"count":12,"href":"https:\/\/idea.gob.ve\/index.php\/wp-json\/wp\/v2\/pages\/179\/revisions"}],"predecessor-version":[{"id":1499,"href":"https:\/\/idea.gob.ve\/index.php\/wp-json\/wp\/v2\/pages\/179\/revisions\/1499"}],"wp:attachment":[{"href":"https:\/\/idea.gob.ve\/index.php\/wp-json\/wp\/v2\/media?parent=179"}],"curies":[{"name":"wp","href":"https:\/\/api.w.org\/{rel}","templated":true}]}}